{"id":159,"date":"2023-01-16T09:31:06","date_gmt":"2023-01-16T08:31:06","guid":{"rendered":"https:\/\/dataling.shop\/datovani\/"},"modified":"2023-02-17T14:17:48","modified_gmt":"2023-02-17T13:17:48","slug":"datovani","status":"publish","type":"page","link":"https:\/\/dataling.shop\/cs\/","title":{"rendered":"Datov\u00e1n\u00ed"},"content":{"rendered":"<p>[vc_row row_height_percent=&#8220;0&#8243; override_padding=&#8220;yes&#8220; h_padding=&#8220;2&#8243; top_padding=&#8220;3&#8243; bottom_padding=&#8220;0&#8243; overlay_alpha=&#8220;50&#8243; equal_height=&#8220;yes&#8220; gutter_size=&#8220;4&#8243; column_width_percent=&#8220;100&#8243; shift_y=&#8220;0&#8243; z_index=&#8220;0&#8243; uncode_shortcode_id=&#8220;301868&#8243; row_height_pixel=&#8220;240&#8243;][vc_column column_width_percent=&#8220;100&#8243; gutter_size=&#8220;2&#8243; overlay_alpha=&#8220;50&#8243; shift_x=&#8220;0&#8243; shift_y=&#8220;0&#8243; shift_y_down=&#8220;0&#8243; z_index=&#8220;0&#8243; medium_width=&#8220;0&#8243; mobile_width=&#8220;0&#8243; width=&#8220;1\/2&#8243; uncode_shortcode_id=&#8220;150232&#8243;][vc_icon position=&#8220;left&#8220; icon_image=&#8220;31&#8243; media_size=&#8220;12&#8243; heading_semantic=&#8220;p&#8220; text_font=&#8220;font-615612&#8243; text_size=&#8220;&#8220; text_weight=&#8220;400&#8243; uncode_shortcode_id=&#8220;492341&#8243; title=&#8220;Komplexn\u00ed \u00fa?etnictv\u00ed pro e-shopy&#8220; el_class=&#8220;icon-subtitle&#8220;][\/vc_icon][vc_custom_heading uncode_shortcode_id=&#8220;194838&#8243;]<\/p>\n<h2>Projd?te se s n\u00e1mi<\/h2>\n<h2>pro n\u00e1\u0161 c\u00edl b\u00fdt nejlep\u0161\u00ed<\/h2>\n<p>[\/vc_custom_heading][vc_column_text text_lead=&#8220;yes&#8220; uncode_shortcode_id=&#8220;138394&#8243;]Postar\u00e1me se o v\u0161e, abyste se mohli v klidu v?novat sv\u00e9 pr\u00e1ci. V?t\u0161ina podnikatel? pova\u017euje veden\u00ed \u00fa?etnictv\u00ed za takzvan\u00e9 &#8222;nutn\u00e9 zlo&#8220;, ka\u017ed\u00fd podnikatel je ze z\u00e1kona povinen ho v\u00e9st, ale nikomu z nich se do toho nechce.[\/vc_column_text][vc_column_text uncode_shortcode_id=&#8220;719378&#8243;]M\u00e1me dlouholet\u00e9 zku\u0161enosti s veden\u00edm \u00fa?etnictv\u00ed pro internetov\u00e9 obchody. Mezi na\u0161e spokojen\u00e9 z\u00e1kazn\u00edky pat?\u00ed spole?nost Be Lenka s.r.o. . O jejich knihy se star\u00e1me od jejich vzniku a rosteme s nimi. D\u00edky na\u0161im dlouholet\u00fdm zku\u0161enostem s veden\u00edm \u00fa?etnictv\u00ed pro velk\u00e9 obchodn\u00ed spole?nosti dokonale zn\u00e1me z\u00e1silkov\u00fd obchod, v\u00edme, co funguje a co ne.[\/vc_column_text][vc_empty_space empty_h=&#8220;2&#8243; mobile_visibility=&#8220;yes&#8220;][\/vc_column][vc_column column_width_percent=&#8220;100&#8243; position_vertical=&#8220;middle&#8220; gutter_size=&#8220;3&#8243; override_padding=&#8220;yes&#8220; column_padding=&#8220;0&#8243; overlay_alpha=&#8220;50&#8243; shift_x=&#8220;0&#8243; shift_y=&#8220;0&#8243; shift_y_down=&#8220;0&#8243; z_index=&#8220;0&#8243; medium_width=&#8220;0&#8243; mobile_width=&#8220;0&#8243; width=&#8220;1\/2&#8243; uncode_shortcode_id=&#8220;100346&#8243;][vc_single_image media=&#8220;67&#8243; media_width_percent=&#8220;100&#8243; uncode_shortcode_id=&#8220;198730&#8243;][vc_empty_space empty_h=&#8220;2&#8243; mobile_visibility=&#8220;yes&#8220;][\/vc_column][\/vc_row][vc_row row_height_percent=&#8220;0&#8243; overlay_alpha=&#8220;50&#8243; equal_height=&#8220;yes&#8220; gutter_size=&#8220;4&#8243; column_width_percent=&#8220;100&#8243; shift_y=&#8220;0&#8243; z_index=&#8220;0&#8243; inverted_device_order=&#8220;yes&#8220; uncode_shortcode_id=&#8220;141454&#8243;][vc_column column_width_percent=&#8220;100&#8243; position_vertical=&#8220;middle&#8220; gutter_size=&#8220;2&#8243; override_padding=&#8220;yes&#8220; column_padding=&#8220;0&#8243; overlay_alpha=&#8220;50&#8243; shift_x=&#8220;0&#8243; shift_y=&#8220;0&#8243; shift_y_down=&#8220;0&#8243; z_index=&#8220;0&#8243; medium_width=&#8220;0&#8243; mobile_width=&#8220;0&#8243; width=&#8220;1\/2&#8243; uncode_shortcode_id=&#8220;656217&#8243;][vc_single_image media=&#8220;68&#8243; media_width_percent=&#8220;100&#8243; uncode_shortcode_id=&#8220;534718&#8243;][\/vc_column][vc_column column_width_percent=&#8220;100&#8243; gutter_size=&#8220;3&#8243; overlay_alpha=&#8220;50&#8243; shift_x=&#8220;0&#8243; shift_y=&#8220;0&#8243; shift_y_down=&#8220;0&#8243; z_index=&#8220;0&#8243; medium_width=&#8220;0&#8243; mobile_width=&#8220;0&#8243; width=&#8220;1\/2&#8243; uncode_shortcode_id=&#8220;531990&#8243; back_color_type=&#8220;uncode-solid&#8220; back_color_solid=&#8220;rgba(18,174,180,0.1)&#8220; css=&#8220;.vc_custom_1673861336648{padding-right: 64px !important;padding-left: 64px !important;}&#8220;][vc_column_text uncode_shortcode_id=&#8220;281572&#8243;]<\/p>\n<h5>V\u00fdhody spolupr\u00e1ce s n\u00e1mi:<\/h5>\n<ul>\n<li>Jsme \u00fa?etn\u00ed firma, kter\u00e1 od sv\u00fdch z\u00e1kazn\u00edk? nej?ast?ji z\u00edsk\u00e1v\u00e1 pozitivn\u00ed hodnocen\u00ed za rychl\u00fd a profesion\u00e1ln\u00ed p?\u00edstup.<\/li>\n<li>Propojen\u00ed va\u0161eho E-SHOPu s na\u0161\u00edm \u00fa?etn\u00edm syst\u00e9mem &#8211; nemus\u00edte n\u00e1m nosit hromadu pap\u00edr?, v\u0161echny faktury, kter\u00e9 vystav\u00edte, vid\u00edme p?\u00edmo v na\u0161em syst\u00e9mu a m?\u017eeme s nimi okam\u017eit? pracovat.<\/li>\n<li>Automatizovan\u00fd import bankovn\u00edch v\u00fdpis?, PayPal a GoPay, kter\u00fd sni\u017euje n\u00e1klady na veden\u00ed \u00fa?etnictv\u00ed.<\/li>\n<li>Elektronick\u00e1 v\u00fdm?na dokument?<\/li>\n<li>\u00da?etn\u00ed v\u00fdkazy v\u00e1m poskytujeme v pravideln\u00fdch intervalech, kter\u00e9 si m?\u017eete sami zvolit.<\/li>\n<li>Maxim\u00e1ln\u00ed zastupitelnost na\u0161ich zam?stnanc? v p?\u00edpad? nemocensk\u00e9 nebo dovolen\u00e9<\/li>\n<li>Komunikace s klientem prost?ednictv\u00edm videokonference<\/li>\n<\/ul>\n<p>[\/vc_column_text][\/vc_column][\/vc_row][vc_row row_height_percent=&#8220;0&#8243; override_padding=&#8220;yes&#8220; h_padding=&#8220;2&#8243; top_padding=&#8220;0&#8243; bottom_padding=&#8220;3&#8243; overlay_alpha=&#8220;50&#8243; gutter_size=&#8220;3&#8243; column_width_percent=&#8220;100&#8243; shift_y=&#8220;0&#8243; z_index=&#8220;0&#8243; uncode_shortcode_id=&#8220;124564&#8243;][vc_column column_width_percent=&#8220;100&#8243; gutter_size=&#8220;2&#8243; overlay_alpha=&#8220;50&#8243; shift_x=&#8220;0&#8243; shift_y=&#8220;0&#8243; shift_y_down=&#8220;0&#8243; z_index=&#8220;0&#8243; medium_width=&#8220;0&#8243; mobile_width=&#8220;0&#8243; width=&#8220;1\/1&#8243; uncode_shortcode_id=&#8220;463758&#8243;][vc_separator uncode_shortcode_id=&#8220;171687&#8243; sep_color_type=&#8220;uncode-solid&#8220; sep_color_solid=&#8220;rgba(25,35,45,0.1)&#8220;][vc_empty_space empty_h=&#8220;1&#8243; mobile_visibility=&#8220;yes&#8220;][vc_row_inner][vc_column_inner column_width_percent=&#8220;100&#8243; gutter_size=&#8220;3&#8243; overlay_alpha=&#8220;50&#8243; shift_x=&#8220;0&#8243; shift_y=&#8220;0&#8243; shift_y_down=&#8220;0&#8243; z_index=&#8220;0&#8243; medium_visibility=&#8220;yes&#8220; medium_width=&#8220;0&#8243; mobile_visibility=&#8220;yes&#8220; mobile_width=&#8220;0&#8243; width=&#8220;1\/12&#8243; uncode_shortcode_id=&#8220;845867&#8243;][\/vc_column_inner][vc_column_inner column_width_percent=&#8220;100&#8243; position_vertical=&#8220;middle&#8220; align_horizontal=&#8220;align_center&#8220; gutter_size=&#8220;3&#8243; overlay_alpha=&#8220;50&#8243; shift_x=&#8220;0&#8243; shift_y=&#8220;0&#8243; shift_y_down=&#8220;0&#8243; z_index=&#8220;0&#8243; medium_width=&#8220;0&#8243; mobile_width=&#8220;0&#8243; width=&#8220;1\/2&#8243; uncode_shortcode_id=&#8220;203869&#8243;][vc_custom_heading text_color=&#8220;color-413187&#8243; heading_semantic=&#8220;h3&#8243; text_size=&#8220;h3&#8243; uncode_shortcode_id=&#8220;745685&#8243; text_color_type=&#8220;uncode-palette&#8220;]N\u00e1\u0161 t\u00fdm se skl\u00e1d\u00e1 z vysoce kvalifikovan\u00fdch \u00fa?etn\u00edch a mzdov\u00fdch \u00fa?etn\u00edch, kte?\u00ed poskytuj\u00ed komplexn\u00ed p\u00e9?i o va\u0161e \u00fa?etnictv\u00ed.[\/vc_custom_heading][\/vc_column_inner][vc_column_inner column_width_percent=&#8220;100&#8243; position_vertical=&#8220;middle&#8220; align_horizontal=&#8220;align_center&#8220; gutter_size=&#8220;3&#8243; overlay_alpha=&#8220;50&#8243; shift_x=&#8220;0&#8243; shift_y=&#8220;0&#8243; shift_y_down=&#8220;0&#8243; z_index=&#8220;0&#8243; medium_width=&#8220;0&#8243; mobile_width=&#8220;0&#8243; width=&#8220;1\/3&#8243; uncode_shortcode_id=&#8220;101792&#8243;][vc_button button_color=&#8220;color-413180&#8243; border_width=&#8220;0&#8243; scale_mobile=&#8220;no&#8220; button_color_type=&#8220;uncode-palette&#8220; uncode_shortcode_id=&#8220;284586&#8243; link=&#8220;url:https%3A%2F%2Fdataling.sk%2Fkontaktujte-nas%2F|&#8220;]M\u00e1m z\u00e1jem[\/vc_button][\/vc_column_inner][vc_column_inner column_width_percent=&#8220;100&#8243; gutter_size=&#8220;3&#8243; overlay_alpha=&#8220;50&#8243; shift_x=&#8220;0&#8243; shift_y=&#8220;0&#8243; shift_y_down=&#8220;0&#8243; z_index=&#8220;0&#8243; medium_visibility=&#8220;yes&#8220; medium_width=&#8220;0&#8243; mobile_visibility=&#8220;yes&#8220; mobile_width=&#8220;0&#8243; width=&#8220;1\/12&#8243; uncode_shortcode_id=&#8220;553825&#8243;][\/vc_column_inner][\/vc_row_inner][vc_empty_space empty_h=&#8220;1&#8243;][vc_separator uncode_shortcode_id=&#8220;171687&#8243; sep_color_type=&#8220;uncode-solid&#8220; sep_color_solid=&#8220;rgba(25,35,45,0.1)&#8220;][\/vc_column][\/vc_row]<\/p>\n","protected":false},"excerpt":{"rendered":"<p>[vc_row row_height_percent=&#8220;0&#8243; override_padding=&#8220;yes&#8220; h_padding=&#8220;2&#8243; top_padding=&#8220;3&#8243; bottom_padding=&#8220;0&#8243; overlay_alpha=&#8220;50&#8243; equal_height=&#8220;yes&#8220; gutter_size=&#8220;4&#8243; column_width_percent=&#8220;100&#8243; shift_y=&#8220;0&#8243; z_index=&#8220;0&#8243; uncode_shortcode_id=&#8220;301868&#8243; row_height_pixel=&#8220;240&#8243;][vc_column column_width_percent=&#8220;100&#8243; gutter_size=&#8220;2&#8243; overlay_alpha=&#8220;50&#8243; shift_x=&#8220;0&#8243; shift_y=&#8220;0&#8243; shift_y_down=&#8220;0&#8243; [&hellip;]<\/p>\n","protected":false},"author":1,"featured_media":0,"parent":0,"menu_order":0,"comment_status":"closed","ping_status":"open","template":"","meta":{"footnotes":""},"_links":{"self":[{"href":"https:\/\/dataling.shop\/cs\/wp-json\/wp\/v2\/pages\/159"}],"collection":[{"href":"https:\/\/dataling.shop\/cs\/wp-json\/wp\/v2\/pages"}],"about":[{"href":"https:\/\/dataling.shop\/cs\/wp-json\/wp\/v2\/types\/page"}],"author":[{"embeddable":true,"href":"https:\/\/dataling.shop\/cs\/wp-json\/wp\/v2\/users\/1"}],"replies":[{"embeddable":true,"href":"https:\/\/dataling.shop\/cs\/wp-json\/wp\/v2\/comments?post=159"}],"version-history":[{"count":3,"href":"https:\/\/dataling.shop\/cs\/wp-json\/wp\/v2\/pages\/159\/revisions"}],"predecessor-version":[{"id":162,"href":"https:\/\/dataling.shop\/cs\/wp-json\/wp\/v2\/pages\/159\/revisions\/162"}],"wp:attachment":[{"href":"https:\/\/dataling.shop\/cs\/wp-json\/wp\/v2\/media?parent=159"}],"curies":[{"name":"wp","href":"https:\/\/api.w.org\/{rel}","templated":true}]}}