{"id":155,"date":"2023-01-16T09:31:06","date_gmt":"2023-01-16T08:31:06","guid":{"rendered":"https:\/\/dataling.shop\/datierung\/"},"modified":"2023-02-17T14:17:48","modified_gmt":"2023-02-17T13:17:48","slug":"datierung","status":"publish","type":"page","link":"https:\/\/dataling.shop\/de\/","title":{"rendered":"Datierung"},"content":{"rendered":"<p>[vc_row row_height_percent=&#8220;0&#8243; override_padding=&#8220;yes&#8220; h_padding=&#8220;2&#8243; top_padding=&#8220;3&#8243; bottom_padding=&#8220;0&#8243; overlay_alpha=&#8220;50&#8243; equal_height=&#8220;yes&#8220; gutter_size=&#8220;4&#8243; column_width_percent=&#8220;100&#8243; shift_y=&#8220;0&#8243; z_index=&#8220;0&#8243; uncode_shortcode_id=&#8220;301868&#8243; row_height_pixel=&#8220;240&#8243;][vc_column column_width_percent=&#8220;100&#8243; gutter_size=&#8220;2&#8243; overlay_alpha=&#8220;50&#8243; shift_x=&#8220;0&#8243; shift_y=&#8220;0&#8243; shift_y_down=&#8220;0&#8243; z_index=&#8220;0&#8243; medium_width=&#8220;0&#8243; mobile_width=&#8220;0&#8243; width=&#8220;1\/2&#8243; uncode_shortcode_id=&#8220;150232&#8243;][vc_icon position=&#8220;left&#8220; icon_image=&#8220;31&#8243; media_size=&#8220;12&#8243; heading_semantic=&#8220;p&#8220; text_font=&#8220;font-615612&#8243; text_size=&#8220;&#8220; text_weight=&#8220;400&#8243; uncode_shortcode_id=&#8220;492341&#8243; title=&#8220;Umfassende Buchhaltung f\u00fcr E-Shops&#8220; el_class=&#8220;icon-subtitle&#8220;][\/vc_icon][vc_custom_heading uncode_shortcode_id=&#8220;194838&#8243;]<\/p>\n<h2>Gehen Sie mit uns<\/h2>\n<h2>f\u00fcr unser Ziel, die Besten zu sein<\/h2>\n<p>[\/vc_custom_heading][vc_column_text text_lead=&#8220;yes&#8220; uncode_shortcode_id=&#8220;138394&#8243;]Wir k\u00fcmmern uns um alles f\u00fcr Sie, damit Sie in Ruhe Ihren Gesch\u00e4ften nachgehen k\u00f6nnen. Die meisten Unternehmer betrachten die Buchhaltung als ein sogenanntes &#8222;notwendiges \u00dcbel&#8220;, jeder Unternehmer ist gesetzlich dazu verpflichtet, aber keiner will sie f\u00fchren.[\/vc_column_text][vc_column_text uncode_shortcode_id=&#8220;719378&#8243;]Wir verf\u00fcgen \u00fcber langj\u00e4hrige Erfahrung in der Buchhaltung f\u00fcr Online-Shops. Zu unseren zufriedenen Kunden geh\u00f6rt die Firma Be Lenka s.r.o. . Wir k\u00fcmmern uns seit der Gr\u00fcndung um ihre B\u00fccher und wachsen mit ihnen. Dank unserer langj\u00e4hrigen Erfahrung in der Buchhaltung von gro\u00dfen Handelsunternehmen sind wir mit dem Versandhandel bestens vertraut, wir wissen, was funktioniert und was nicht.[\/vc_column_text][vc_empty_space empty_h=&#8220;2&#8243; mobile_visibility=&#8220;yes&#8220;][\/vc_column][vc_column column_width_percent=&#8220;100&#8243; position_vertical=&#8220;middle&#8220; gutter_size=&#8220;3&#8243; override_padding=&#8220;yes&#8220; column_padding=&#8220;0&#8243; overlay_alpha=&#8220;50&#8243; shift_x=&#8220;0&#8243; shift_y=&#8220;0&#8243; shift_y_down=&#8220;0&#8243; z_index=&#8220;0&#8243; medium_width=&#8220;0&#8243; mobile_width=&#8220;0&#8243; width=&#8220;1\/2&#8243; uncode_shortcode_id=&#8220;100346&#8243;][vc_single_image media=&#8220;67&#8243; media_width_percent=&#8220;100&#8243; uncode_shortcode_id=&#8220;198730&#8243;][vc_empty_space empty_h=&#8220;2&#8243; mobile_visibility=&#8220;yes&#8220;][\/vc_column][\/vc_row][vc_row row_height_percent=&#8220;0&#8243; overlay_alpha=&#8220;50&#8243; equal_height=&#8220;yes&#8220; gutter_size=&#8220;4&#8243; column_width_percent=&#8220;100&#8243; shift_y=&#8220;0&#8243; z_index=&#8220;0&#8243; inverted_device_order=&#8220;yes&#8220; uncode_shortcode_id=&#8220;141454&#8243;][vc_column column_width_percent=&#8220;100&#8243; position_vertical=&#8220;middle&#8220; gutter_size=&#8220;2&#8243; override_padding=&#8220;yes&#8220; column_padding=&#8220;0&#8243; overlay_alpha=&#8220;50&#8243; shift_x=&#8220;0&#8243; shift_y=&#8220;0&#8243; shift_y_down=&#8220;0&#8243; z_index=&#8220;0&#8243; medium_width=&#8220;0&#8243; mobile_width=&#8220;0&#8243; width=&#8220;1\/2&#8243; uncode_shortcode_id=&#8220;656217&#8243;][vc_single_image media=&#8220;68&#8243; media_width_percent=&#8220;100&#8243; uncode_shortcode_id=&#8220;534718&#8243;][\/vc_column][vc_column column_width_percent=&#8220;100&#8243; gutter_size=&#8220;3&#8243; overlay_alpha=&#8220;50&#8243; shift_x=&#8220;0&#8243; shift_y=&#8220;0&#8243; shift_y_down=&#8220;0&#8243; z_index=&#8220;0&#8243; medium_width=&#8220;0&#8243; mobile_width=&#8220;0&#8243; width=&#8220;1\/2&#8243; uncode_shortcode_id=&#8220;531990&#8243; back_color_type=&#8220;uncode-solid&#8220; back_color_solid=&#8220;rgba(18,174,180,0.1)&#8220; css=&#8220;.vc_custom_1673861336648{padding-right: 64px !important;padding-left: 64px !important;}&#8220;][vc_column_text uncode_shortcode_id=&#8220;281572&#8243;]<\/p>\n<h5>Vorteile Ihrer Zusammenarbeit mit uns:<\/h5>\n<ul>\n<li>Wir sind eine Wirtschaftspr\u00fcfungsgesellschaft, die aufgrund ihrer schnellen und professionellen Arbeitsweise sehr h\u00e4ufig positive Bewertungen von unseren Kunden erh\u00e4lt.<\/li>\n<li>Verbindung Ihres E-SHOP mit unserem Buchhaltungssystem &#8211; Sie m\u00fcssen uns nicht einen Stapel Papiere bringen, wir sehen alle Rechnungen, die Sie ausstellen, direkt in unserem System und k\u00f6nnen sie sofort bearbeiten<\/li>\n<li>Automatisierte Importe von Kontoausz\u00fcgen, PayPal und GoPay zur Reduzierung Ihrer Buchhaltungskosten<\/li>\n<li>Elektronischer Austausch von Dokumenten<\/li>\n<li>Wir stellen Ihnen in regelm\u00e4\u00dfigen Abst\u00e4nden Abrechnungen zur Verf\u00fcgung, die Sie selbst w\u00e4hlen k\u00f6nnen<\/li>\n<li>Maximale Vertretbarkeit unserer Mitarbeiter im Falle von Krankheit oder Urlaub<\/li>\n<li>Kommunikation mit dem Kunden \u00fcber Videokonferenzen<\/li>\n<\/ul>\n<p>[\/vc_column_text][\/vc_column][\/vc_row][vc_row row_height_percent=&#8220;0&#8243; override_padding=&#8220;yes&#8220; h_padding=&#8220;2&#8243; top_padding=&#8220;0&#8243; bottom_padding=&#8220;3&#8243; overlay_alpha=&#8220;50&#8243; gutter_size=&#8220;3&#8243; column_width_percent=&#8220;100&#8243; shift_y=&#8220;0&#8243; z_index=&#8220;0&#8243; uncode_shortcode_id=&#8220;124564&#8243;][vc_column column_width_percent=&#8220;100&#8243; gutter_size=&#8220;2&#8243; overlay_alpha=&#8220;50&#8243; shift_x=&#8220;0&#8243; shift_y=&#8220;0&#8243; shift_y_down=&#8220;0&#8243; z_index=&#8220;0&#8243; medium_width=&#8220;0&#8243; mobile_width=&#8220;0&#8243; width=&#8220;1\/1&#8243; uncode_shortcode_id=&#8220;463758&#8243;][vc_separator uncode_shortcode_id=&#8220;171687&#8243; sep_color_type=&#8220;uncode-solid&#8220; sep_color_solid=&#8220;rgba(25,35,45,0.1)&#8220;][vc_empty_space empty_h=&#8220;1&#8243; mobile_visibility=&#8220;yes&#8220;][vc_row_inner][vc_column_inner column_width_percent=&#8220;100&#8243; gutter_size=&#8220;3&#8243; overlay_alpha=&#8220;50&#8243; shift_x=&#8220;0&#8243; shift_y=&#8220;0&#8243; shift_y_down=&#8220;0&#8243; z_index=&#8220;0&#8243; medium_visibility=&#8220;yes&#8220; medium_width=&#8220;0&#8243; mobile_visibility=&#8220;yes&#8220; mobile_width=&#8220;0&#8243; width=&#8220;1\/12&#8243; uncode_shortcode_id=&#8220;845867&#8243;][\/vc_column_inner][vc_column_inner column_width_percent=&#8220;100&#8243; position_vertical=&#8220;middle&#8220; align_horizontal=&#8220;align_center&#8220; gutter_size=&#8220;3&#8243; overlay_alpha=&#8220;50&#8243; shift_x=&#8220;0&#8243; shift_y=&#8220;0&#8243; shift_y_down=&#8220;0&#8243; z_index=&#8220;0&#8243; medium_width=&#8220;0&#8243; mobile_width=&#8220;0&#8243; width=&#8220;1\/2&#8243; uncode_shortcode_id=&#8220;203869&#8243;][vc_custom_heading text_color=&#8220;color-413187&#8243; heading_semantic=&#8220;h3&#8243; text_size=&#8220;h3&#8243; uncode_shortcode_id=&#8220;745685&#8243; text_color_type=&#8220;uncode-palette&#8220;]Unser Team besteht aus hochqualifizierten Buchhaltern und Lohnbuchhaltern, die sich umfassend um Ihre Buchhaltung k\u00fcmmern.[\/vc_custom_heading][\/vc_column_inner][vc_column_inner column_width_percent=&#8220;100&#8243; position_vertical=&#8220;middle&#8220; align_horizontal=&#8220;align_center&#8220; gutter_size=&#8220;3&#8243; overlay_alpha=&#8220;50&#8243; shift_x=&#8220;0&#8243; shift_y=&#8220;0&#8243; shift_y_down=&#8220;0&#8243; z_index=&#8220;0&#8243; medium_width=&#8220;0&#8243; mobile_width=&#8220;0&#8243; width=&#8220;1\/3&#8243; uncode_shortcode_id=&#8220;101792&#8243;][vc_button button_color=&#8220;color-413180&#8243; border_width=&#8220;0&#8243; scale_mobile=&#8220;no&#8220; button_color_type=&#8220;uncode-palette&#8220; uncode_shortcode_id=&#8220;284586&#8243; link=&#8220;url:https%3A%2F%2Fdataling.sk%2Fkontaktujte-nas%2F|&#8220;]Ich bin interessiert[\/vc_button][\/vc_column_inner][vc_column_inner column_width_percent=&#8220;100&#8243; gutter_size=&#8220;3&#8243; overlay_alpha=&#8220;50&#8243; shift_x=&#8220;0&#8243; shift_y=&#8220;0&#8243; shift_y_down=&#8220;0&#8243; z_index=&#8220;0&#8243; medium_visibility=&#8220;yes&#8220; medium_width=&#8220;0&#8243; mobile_visibility=&#8220;yes&#8220; mobile_width=&#8220;0&#8243; width=&#8220;1\/12&#8243; uncode_shortcode_id=&#8220;553825&#8243;][\/vc_column_inner][\/vc_row_inner][vc_empty_space empty_h=&#8220;1&#8243;][vc_separator uncode_shortcode_id=&#8220;171687&#8243; sep_color_type=&#8220;uncode-solid&#8220; sep_color_solid=&#8220;rgba(25,35,45,0.1)&#8220;][\/vc_column][\/vc_row]<\/p>\n","protected":false},"excerpt":{"rendered":"<p>[vc_row row_height_percent=&#8220;0&#8243; override_padding=&#8220;yes&#8220; h_padding=&#8220;2&#8243; top_padding=&#8220;3&#8243; bottom_padding=&#8220;0&#8243; overlay_alpha=&#8220;50&#8243; equal_height=&#8220;yes&#8220; gutter_size=&#8220;4&#8243; column_width_percent=&#8220;100&#8243; shift_y=&#8220;0&#8243; z_index=&#8220;0&#8243; uncode_shortcode_id=&#8220;301868&#8243; row_height_pixel=&#8220;240&#8243;][vc_column column_width_percent=&#8220;100&#8243; gutter_size=&#8220;2&#8243; overlay_alpha=&#8220;50&#8243; shift_x=&#8220;0&#8243; shift_y=&#8220;0&#8243; shift_y_down=&#8220;0&#8243; [&hellip;]<\/p>\n","protected":false},"author":1,"featured_media":0,"parent":0,"menu_order":0,"comment_status":"closed","ping_status":"open","template":"","meta":{"footnotes":""},"_links":{"self":[{"href":"https:\/\/dataling.shop\/de\/wp-json\/wp\/v2\/pages\/155"}],"collection":[{"href":"https:\/\/dataling.shop\/de\/wp-json\/wp\/v2\/pages"}],"about":[{"href":"https:\/\/dataling.shop\/de\/wp-json\/wp\/v2\/types\/page"}],"author":[{"embeddable":true,"href":"https:\/\/dataling.shop\/de\/wp-json\/wp\/v2\/users\/1"}],"replies":[{"embeddable":true,"href":"https:\/\/dataling.shop\/de\/wp-json\/wp\/v2\/comments?post=155"}],"version-history":[{"count":3,"href":"https:\/\/dataling.shop\/de\/wp-json\/wp\/v2\/pages\/155\/revisions"}],"predecessor-version":[{"id":158,"href":"https:\/\/dataling.shop\/de\/wp-json\/wp\/v2\/pages\/155\/revisions\/158"}],"wp:attachment":[{"href":"https:\/\/dataling.shop\/de\/wp-json\/wp\/v2\/media?parent=155"}],"curies":[{"name":"wp","href":"https:\/\/api.w.org\/{rel}","templated":true}]}}